{"id":1409,"date":"2022-07-28T19:09:54","date_gmt":"2022-07-28T17:09:54","guid":{"rendered":"https:\/\/cr-bb.com\/?page_id=1409"},"modified":"2022-10-05T19:33:06","modified_gmt":"2022-10-05T17:33:06","slug":"kontakt","status":"publish","type":"page","link":"https:\/\/cr-bb.com\/index.php\/kontakt\/","title":{"rendered":"Kontakt"},"content":{"rendered":"\n<div class=\"wp-block-cover alignfull\"><span aria-hidden=\"true\" class=\"wp-block-cover__background has-background-dim-0 has-background-dim\"><\/span><img loading=\"lazy\" decoding=\"async\" width=\"1920\" height=\"1077\" class=\"wp-block-cover__image-background wp-image-396\" alt=\"\" src=\"https:\/\/cr-bb.com\/wp-content\/uploads\/2022\/07\/cconcrete-dark2.jpg\" data-object-fit=\"cover\" srcset=\"https:\/\/cr-bb.com\/wp-content\/uploads\/2022\/07\/cconcrete-dark2.jpg 1920w, https:\/\/cr-bb.com\/wp-content\/uploads\/2022\/07\/cconcrete-dark2-300x168.jpg 300w, https:\/\/cr-bb.com\/wp-content\/uploads\/2022\/07\/cconcrete-dark2-1024x574.jpg 1024w, https:\/\/cr-bb.com\/wp-content\/uploads\/2022\/07\/cconcrete-dark2-768x431.jpg 768w, https:\/\/cr-bb.com\/wp-content\/uploads\/2022\/07\/cconcrete-dark2-1536x862.jpg 1536w, https:\/\/cr-bb.com\/wp-content\/uploads\/2022\/07\/cconcrete-dark2-1200x673.jpg 1200w\" sizes=\"auto, (max-width: 1920px) 100vw, 1920px\" \/><div class=\"wp-block-cover__inner-container is-layout-flow wp-block-cover-is-layout-flow\">\n<h1 class=\"has-text-align-center has-large-font-size wp-block-heading\">Kontakt<\/h1>\n<\/div><\/div>\n\n\n\n<div style=\"height:100px\" aria-hidden=\"true\" class=\"wp-block-spacer\"><\/div>\n\n\n\n<h2 class=\"wp-block-heading\">Schreiben Sie uns!<\/h2>\n\n\n\n<p>Haben Sie Fragen zu unseren Dienstleistungen? Wir sind gerne f\u00fcr Sie da. F\u00fcllen Sie einfach das Kontaktformular aus, und wir setzen uns zeitnah mit Ihnen in Verbindung. Selbstverst\u00e4ndlich k\u00f6nnen Sie uns w\u00e4hrend der B\u00fcroarbeitszeiten auch telefonisch erreichen.<\/p>\n\n\n\n<div style=\"height:50px\" aria-hidden=\"true\" class=\"wp-block-spacer\"><\/div>\n\n\n\n<div class=\"wpcf7 no-js\" id=\"wpcf7-f2201-o1\" lang=\"de-DE\" dir=\"ltr\" data-wpcf7-id=\"2201\">\n<div class=\"screen-reader-response\"><p role=\"status\" aria-live=\"polite\" aria-atomic=\"true\"><\/p> <ul><\/ul><\/div>\n<form action=\"\/index.php\/wp-json\/wp\/v2\/pages\/1409#wpcf7-f2201-o1\" method=\"post\" class=\"wpcf7-form init\" aria-label=\"Kontaktformular\" novalidate=\"novalidate\" data-status=\"init\">\n<fieldset class=\"hidden-fields-container\"><input type=\"hidden\" name=\"_wpcf7\" value=\"2201\" \/><input type=\"hidden\" name=\"_wpcf7_version\" value=\"6.1.5\" \/><input type=\"hidden\" name=\"_wpcf7_locale\" value=\"de_DE\" \/><input type=\"hidden\" name=\"_wpcf7_unit_tag\" value=\"wpcf7-f2201-o1\" \/><input type=\"hidden\" name=\"_wpcf7_container_post\" value=\"0\" \/><input type=\"hidden\" name=\"_wpcf7_posted_data_hash\" value=\"\" \/>\n<\/fieldset>\n<p><label> Ihr Name<br \/>\n<span class=\"wpcf7-form-control-wrap\" data-name=\"your-name\"><input size=\"40\" maxlength=\"400\" class=\"wpcf7-form-control wpcf7-text wpcf7-validates-as-required\" aria-required=\"true\" aria-invalid=\"false\" value=\"\" type=\"text\" name=\"your-name\" \/><\/span> <\/label>\n<\/p>\n<p><label> Ihre E-Mail-Adresse<br \/>\n<span class=\"wpcf7-form-control-wrap\" data-name=\"your-email\"><input size=\"40\" maxlength=\"400\" class=\"wpcf7-form-control wpcf7-email wpcf7-validates-as-required wpcf7-text wpcf7-validates-as-email\" aria-required=\"true\" aria-invalid=\"false\" value=\"\" type=\"email\" name=\"your-email\" \/><\/span> <\/label>\n<\/p>\n<p><label> Betreff<br \/>\n<span class=\"wpcf7-form-control-wrap\" data-name=\"your-subject\"><input size=\"40\" maxlength=\"400\" class=\"wpcf7-form-control wpcf7-text wpcf7-validates-as-required\" aria-required=\"true\" aria-invalid=\"false\" value=\"\" type=\"text\" name=\"your-subject\" \/><\/span> <\/label>\n<\/p>\n<p><label> Ihre Nachricht<br \/>\n<span class=\"wpcf7-form-control-wrap\" data-name=\"your-message\"><textarea cols=\"40\" rows=\"10\" maxlength=\"2000\" class=\"wpcf7-form-control wpcf7-textarea\" aria-invalid=\"false\" name=\"your-message\"><\/textarea><\/span> <\/label>\n<\/p>\n<p><span id=\"wpcf7-69dff8dbe6bd1-wrapper\" class=\"wpcf7-form-control-wrap honeypot-388-wrap\" style=\"display:none !important; visibility:hidden !important;\"><input type=\"hidden\" name=\"honeypot-388-time-start\" value=\"1776285915\"><input type=\"hidden\" name=\"honeypot-388-time-check\" value=\"4\"><label for=\"wpcf7-69dff8dbe6bd1-field\" class=\"hp-message\">Bitte lasse dieses Feld leer.<\/label><input id=\"wpcf7-69dff8dbe6bd1-field\"  placeholder=\"your website\"  class=\"wpcf7-form-control wpcf7-text\" type=\"text\" name=\"honeypot-388\" value=\"\" size=\"40\" tabindex=\"-1\" autocomplete=\"new-password\" \/><\/span>\n<\/p>\n<p><input class=\"wpcf7-form-control wpcf7-submit has-spinner\" type=\"submit\" value=\"Senden\" \/>\n<\/p><div class=\"wpcf7-response-output\" aria-hidden=\"true\"><\/div>\n<\/form>\n<\/div>\n\n\n\n\n<div style=\"height:100px\" aria-hidden=\"true\" class=\"wp-block-spacer\"><\/div>\n","protected":false},"excerpt":{"rendered":"<p>Schreiben Sie uns! Haben Sie Fragen zu unseren Dienstleistungen? Wir sind gerne f\u00fcr Sie da. F\u00fcllen Sie einfach das Kontaktformular aus, und wir setzen uns zeitnah mit Ihnen in Verbindung. Selbstverst\u00e4ndlich k\u00f6nnen Sie uns w\u00e4hrend der B\u00fcroarbeitszeiten auch telefonisch erreichen.<\/p>\n","protected":false},"author":1,"featured_media":0,"parent":0,"menu_order":0,"comment_status":"closed","ping_status":"closed","template":"","meta":{"footnotes":""},"class_list":["post-1409","page","type-page","status-publish","hentry"],"blocksy_meta":{"styles_descriptor":{"styles":{"desktop":"","tablet":"","mobile":""},"google_fonts":[],"version":5}},"_links":{"self":[{"href":"https:\/\/cr-bb.com\/index.php\/wp-json\/wp\/v2\/pages\/1409","targetHints":{"allow":["GET"]}}],"collection":[{"href":"https:\/\/cr-bb.com\/index.php\/wp-json\/wp\/v2\/pages"}],"about":[{"href":"https:\/\/cr-bb.com\/index.php\/wp-json\/wp\/v2\/types\/page"}],"author":[{"embeddable":true,"href":"https:\/\/cr-bb.com\/index.php\/wp-json\/wp\/v2\/users\/1"}],"replies":[{"embeddable":true,"href":"https:\/\/cr-bb.com\/index.php\/wp-json\/wp\/v2\/comments?post=1409"}],"version-history":[{"count":18,"href":"https:\/\/cr-bb.com\/index.php\/wp-json\/wp\/v2\/pages\/1409\/revisions"}],"predecessor-version":[{"id":2203,"href":"https:\/\/cr-bb.com\/index.php\/wp-json\/wp\/v2\/pages\/1409\/revisions\/2203"}],"wp:attachment":[{"href":"https:\/\/cr-bb.com\/index.php\/wp-json\/wp\/v2\/media?parent=1409"}],"curies":[{"name":"wp","href":"https:\/\/api.w.org\/{rel}","templated":true}]}}