{"id":1917,"date":"2022-08-15T18:05:05","date_gmt":"2022-08-15T16:05:05","guid":{"rendered":"https:\/\/cr-bb.com\/?page_id=1917"},"modified":"2022-08-23T12:58:35","modified_gmt":"2022-08-23T10:58:35","slug":"kooperationen","status":"publish","type":"page","link":"https:\/\/cr-bb.com\/index.php\/kooperationen\/","title":{"rendered":"Kooperationen"},"content":{"rendered":"\n<div class=\"wp-block-cover alignfull\"><span aria-hidden=\"true\" class=\"wp-block-cover__background has-background-dim-0 has-background-dim\"><\/span><img loading=\"lazy\" decoding=\"async\" width=\"1920\" height=\"1077\" class=\"wp-block-cover__image-background wp-image-396\" alt=\"\" src=\"https:\/\/cr-bb.com\/wp-content\/uploads\/2022\/07\/cconcrete-dark2.jpg\" data-object-fit=\"cover\" srcset=\"https:\/\/cr-bb.com\/wp-content\/uploads\/2022\/07\/cconcrete-dark2.jpg 1920w, https:\/\/cr-bb.com\/wp-content\/uploads\/2022\/07\/cconcrete-dark2-300x168.jpg 300w, https:\/\/cr-bb.com\/wp-content\/uploads\/2022\/07\/cconcrete-dark2-1024x574.jpg 1024w, https:\/\/cr-bb.com\/wp-content\/uploads\/2022\/07\/cconcrete-dark2-768x431.jpg 768w, https:\/\/cr-bb.com\/wp-content\/uploads\/2022\/07\/cconcrete-dark2-1536x862.jpg 1536w, https:\/\/cr-bb.com\/wp-content\/uploads\/2022\/07\/cconcrete-dark2-1200x673.jpg 1200w\" sizes=\"auto, (max-width: 1920px) 100vw, 1920px\" \/><div class=\"wp-block-cover__inner-container is-layout-flow wp-block-cover-is-layout-flow\">\n<h1 class=\"has-text-align-center has-large-font-size wp-block-heading\">Kooperationen<\/h1>\n<\/div><\/div>\n\n\n\n<div style=\"height:100px\" aria-hidden=\"true\" class=\"wp-block-spacer\"><\/div>\n\n\n\n<p class=\"has-text-align-right kooperationen\" id=\"kooperationen\" style=\"text-transform:uppercase\"><strong>Kooperationen<\/strong><\/p>\n\n\n\n<div style=\"height:100px\" aria-hidden=\"true\" class=\"wp-block-spacer\"><\/div>\n\n\n\n<div class=\"wp-block-columns is-layout-flex wp-container-core-columns-is-layout-9d6595d7 wp-block-columns-is-layout-flex\">\n<div class=\"wp-block-column is-layout-flow wp-block-column-is-layout-flow\"><div class=\"wp-block-image\">\n<figure class=\"alignleft size-full is-resized\"><img loading=\"lazy\" decoding=\"async\" src=\"https:\/\/cr-bb.com\/wp-content\/uploads\/2022\/07\/SAERTEX-multiCom2021_RGB.png\" alt=\"\" class=\"wp-image-969\" width=\"222\" height=\"198\" srcset=\"https:\/\/cr-bb.com\/wp-content\/uploads\/2022\/07\/SAERTEX-multiCom2021_RGB.png 886w, https:\/\/cr-bb.com\/wp-content\/uploads\/2022\/07\/SAERTEX-multiCom2021_RGB-300x269.png 300w, https:\/\/cr-bb.com\/wp-content\/uploads\/2022\/07\/SAERTEX-multiCom2021_RGB-768x687.png 768w\" sizes=\"auto, (max-width: 222px) 100vw, 222px\" \/><\/figure>\n<\/div>\n\n\n<figure class=\"wp-block-image size-large\"><img loading=\"lazy\" decoding=\"async\" width=\"1024\" height=\"683\" src=\"https:\/\/cr-bb.com\/wp-content\/uploads\/2022\/07\/SAE_Produktbilder-Flyer_MULTI-1920w-1024x683.webp\" alt=\"\" class=\"wp-image-967\" srcset=\"https:\/\/cr-bb.com\/wp-content\/uploads\/2022\/07\/SAE_Produktbilder-Flyer_MULTI-1920w-1024x683.webp 1024w, https:\/\/cr-bb.com\/wp-content\/uploads\/2022\/07\/SAE_Produktbilder-Flyer_MULTI-1920w-300x200.webp 300w, https:\/\/cr-bb.com\/wp-content\/uploads\/2022\/07\/SAE_Produktbilder-Flyer_MULTI-1920w-768x512.webp 768w, https:\/\/cr-bb.com\/wp-content\/uploads\/2022\/07\/SAE_Produktbilder-Flyer_MULTI-1920w-1536x1024.webp 1536w, https:\/\/cr-bb.com\/wp-content\/uploads\/2022\/07\/SAE_Produktbilder-Flyer_MULTI-1920w.webp 1920w\" sizes=\"auto, (max-width: 1024px) 100vw, 1024px\" \/><\/figure>\n\n\n\n<p class=\"text-blocks sponsors-columns has-palette-color-8-background-color has-background\">SAERTEX multiCom bietet Schlauchliner aus Glasfasern (GFK) f\u00fcr die grabenlose Sanierung von Freispiegel- und Druckrohrleitungen. Unsere einbaufertigen L\u00f6sungen werden erg\u00e4nzt durch Services von der Planung bis zur Installation auf der Baustelle.<\/p>\n<\/div>\n\n\n\n<div class=\"wp-block-column is-layout-flow wp-block-column-is-layout-flow\">\n<figure class=\"wp-block-image size-full\"><img loading=\"lazy\" decoding=\"async\" width=\"278\" height=\"98\" src=\"https:\/\/cr-bb.com\/wp-content\/uploads\/2022\/07\/logo-hermes-technologie.png\" alt=\"\" class=\"wp-image-1039\"\/><\/figure>\n\n\n\n<figure class=\"wp-block-image size-large\"><img loading=\"lazy\" decoding=\"async\" width=\"1080\" height=\"1080\" src=\"https:\/\/cr-bb.com\/wp-content\/uploads\/2022\/07\/4-1024x1024.png\" alt=\"\" class=\"wp-image-1289\" srcset=\"https:\/\/cr-bb.com\/wp-content\/uploads\/2022\/07\/4-1024x1024.png 1024w, https:\/\/cr-bb.com\/wp-content\/uploads\/2022\/07\/4-300x300.png 300w, https:\/\/cr-bb.com\/wp-content\/uploads\/2022\/07\/4-150x150.png 150w, https:\/\/cr-bb.com\/wp-content\/uploads\/2022\/07\/4-768x768.png 768w, https:\/\/cr-bb.com\/wp-content\/uploads\/2022\/07\/4.png 1080w\" sizes=\"auto, (max-width: 1080px) 100vw, 1080px\" \/><\/figure>\n\n\n\n<div class=\"wp-block-columns text-blocks sponsors-columns is-layout-flex wp-container-core-columns-is-layout-9d6595d7 wp-block-columns-is-layout-flex\">\n<div class=\"wp-block-column has-palette-color-8-background-color has-background is-layout-flow wp-block-column-is-layout-flow\">\n<h4 class=\"has-medium-font-size wp-block-heading\">Dein 360\u00b0 Lieferant f\u00fcr die Bauwerkssanierung in der Kanalsanierung seit 1987!<\/h4>\n\n\n\n<p>Wir sind Lieferant und Berater f\u00fcr alle WW-M\u00f6rtel rundum den Korrosionschutz und die Abdichtung von Abwasserbauwerken. Alle unsere WW-M\u00f6rtelsysteme sind lupenrein gepr\u00fcft und halten den h\u00f6chsten Anforderungen stand.<\/p>\n\n\n\n<p>Wir liefern nicht nur Sanierungsmaterial sondern haben auch einen gro\u00dfen Mietpark f\u00fcr Pumpen, Mischer, Nassspritzverfahren und vieles mehr! Die Hermes Technologie ist kein Konzern, wir sind f\u00fcr sie immer flexibel und innovativ!<\/p>\n<\/div>\n<\/div>\n<\/div>\n<\/div>\n\n\n\n<div class=\"wp-block-columns ehle-blocks is-layout-flex wp-container-core-columns-is-layout-9d6595d7 wp-block-columns-is-layout-flex\">\n<div class=\"wp-block-column is-layout-flow wp-block-column-is-layout-flow\">\n<figure class=\"wp-block-image size-large is-resized\"><img loading=\"lazy\" decoding=\"async\" src=\"https:\/\/cr-bb.com\/wp-content\/uploads\/2022\/08\/Ehle_Logo_RGB-1920w-1024x366.png\" alt=\"\" class=\"wp-image-1654\" width=\"256\" height=\"92\" srcset=\"https:\/\/cr-bb.com\/wp-content\/uploads\/2022\/08\/Ehle_Logo_RGB-1920w-1024x366.png 1024w, https:\/\/cr-bb.com\/wp-content\/uploads\/2022\/08\/Ehle_Logo_RGB-1920w-300x107.png 300w, https:\/\/cr-bb.com\/wp-content\/uploads\/2022\/08\/Ehle_Logo_RGB-1920w-768x275.png 768w, https:\/\/cr-bb.com\/wp-content\/uploads\/2022\/08\/Ehle_Logo_RGB-1920w-1536x549.png 1536w, https:\/\/cr-bb.com\/wp-content\/uploads\/2022\/08\/Ehle_Logo_RGB-1920w.png 1898w\" sizes=\"auto, (max-width: 256px) 100vw, 256px\" \/><\/figure>\n\n\n\n<figure class=\"wp-block-image size-large\"><img loading=\"lazy\" decoding=\"async\" width=\"1024\" height=\"684\" src=\"https:\/\/cr-bb.com\/wp-content\/uploads\/2022\/07\/Kofferfahrzeug_mit_Durchgang_03-1920w-1024x684.webp\" alt=\"\" class=\"wp-image-784\" srcset=\"https:\/\/cr-bb.com\/wp-content\/uploads\/2022\/07\/Kofferfahrzeug_mit_Durchgang_03-1920w-1024x684.webp 1024w, https:\/\/cr-bb.com\/wp-content\/uploads\/2022\/07\/Kofferfahrzeug_mit_Durchgang_03-1920w-300x200.webp 300w, https:\/\/cr-bb.com\/wp-content\/uploads\/2022\/07\/Kofferfahrzeug_mit_Durchgang_03-1920w-768x513.webp 768w, https:\/\/cr-bb.com\/wp-content\/uploads\/2022\/07\/Kofferfahrzeug_mit_Durchgang_03-1920w-1536x1026.webp 1536w, https:\/\/cr-bb.com\/wp-content\/uploads\/2022\/07\/Kofferfahrzeug_mit_Durchgang_03-1920w.webp 1920w\" sizes=\"auto, (max-width: 1024px) 100vw, 1024px\" \/><\/figure>\n\n\n\n<p class=\"text-blocks sponsors-columns has-palette-color-8-background-color has-background\">Das Unternehmen Ehle-HD mit \u00fcber 30 Jahren Erfahrung in Entwicklung und Vertrieb von Rohr- und Kanalreinigungstechnik, sowie Systemen f\u00fcr die TV-Kanalinspektion und Ausbauten von Inspektions- und Sonderfahrzeugen bietet alles rund um die Kanaltechnik von Sicherheits-, Absperr- und Druckpr\u00fcftechnik.<br>\u00dcber die Jahre haben wir unser Sortiment stetig erweitert und verstehen uns nun als Vollausr\u00fcster im Bereich Kanaltechnik. Wir k\u00f6nnen unseren Kunden alles liefern, was sie f\u00fcr ihre t\u00e4gliche Arbeit ben\u00f6tigen. Dabei stellen wir h\u00f6chste Anspr\u00fcche an das eigene Produktsortiment \u2013 wie auch an uns selbst.<\/p>\n\n\n\n<div style=\"height:100px\" aria-hidden=\"true\" class=\"wp-block-spacer\"><\/div>\n<\/div>\n<\/div>\n","protected":false},"excerpt":{"rendered":"<p>Kooperationen SAERTEX multiCom bietet Schlauchliner aus Glasfasern (GFK) f\u00fcr die grabenlose Sanierung von Freispiegel- und Druckrohrleitungen. Unsere einbaufertigen L\u00f6sungen werden erg\u00e4nzt durch Services von der Planung bis zur Installation auf der Baustelle. Dein 360\u00b0 Lieferant f\u00fcr die Bauwerkssanierung in der Kanalsanierung seit 1987! Wir sind Lieferant und Berater f\u00fcr alle WW-M\u00f6rtel rundum den Korrosionschutz und die Abdichtung von Abwasserbauwerken. Alle unsere WW-M\u00f6rtelsysteme sind lupenrein gepr\u00fcft und halten den h\u00f6chsten Anforderungen stand. Wir liefern nicht nur Sanierungsmaterial sondern haben auch einen gro\u00dfen Mietpark f\u00fcr Pumpen, Mischer, Nassspritzverfahren und vieles mehr! Die Hermes Technologie ist kein Konzern, wir sind f\u00fcr sie immer\u2026<\/p>\n","protected":false},"author":1,"featured_media":0,"parent":0,"menu_order":0,"comment_status":"closed","ping_status":"closed","template":"","meta":{"footnotes":""},"class_list":["post-1917","page","type-page","status-publish","hentry"],"blocksy_meta":{"styles_descriptor":{"styles":{"desktop":"","tablet":"","mobile":""},"google_fonts":[],"version":5}},"_links":{"self":[{"href":"https:\/\/cr-bb.com\/index.php\/wp-json\/wp\/v2\/pages\/1917","targetHints":{"allow":["GET"]}}],"collection":[{"href":"https:\/\/cr-bb.com\/index.php\/wp-json\/wp\/v2\/pages"}],"about":[{"href":"https:\/\/cr-bb.com\/index.php\/wp-json\/wp\/v2\/types\/page"}],"author":[{"embeddable":true,"href":"https:\/\/cr-bb.com\/index.php\/wp-json\/wp\/v2\/users\/1"}],"replies":[{"embeddable":true,"href":"https:\/\/cr-bb.com\/index.php\/wp-json\/wp\/v2\/comments?post=1917"}],"version-history":[{"count":6,"href":"https:\/\/cr-bb.com\/index.php\/wp-json\/wp\/v2\/pages\/1917\/revisions"}],"predecessor-version":[{"id":2157,"href":"https:\/\/cr-bb.com\/index.php\/wp-json\/wp\/v2\/pages\/1917\/revisions\/2157"}],"wp:attachment":[{"href":"https:\/\/cr-bb.com\/index.php\/wp-json\/wp\/v2\/media?parent=1917"}],"curies":[{"name":"wp","href":"https:\/\/api.w.org\/{rel}","templated":true}]}}