{"id":2064,"date":"2022-08-23T11:37:08","date_gmt":"2022-08-23T09:37:08","guid":{"rendered":"https:\/\/cr-bb.com\/?page_id=2064"},"modified":"2022-09-29T09:42:14","modified_gmt":"2022-09-29T07:42:14","slug":"ueber-mich","status":"publish","type":"page","link":"https:\/\/cr-bb.com\/index.php\/ueber-mich\/","title":{"rendered":"Expertise"},"content":{"rendered":"\n<div class=\"wp-block-cover alignfull is-light\"><span aria-hidden=\"true\" class=\"wp-block-cover__background has-palette-color-4-background-color has-background-dim-0 has-background-dim\"><\/span><img loading=\"lazy\" decoding=\"async\" width=\"1920\" height=\"1077\" class=\"wp-block-cover__image-background wp-image-396\" alt=\"\" src=\"https:\/\/dev.knoblauchliebe.de\/cr-bb\/wp-content\/uploads\/2022\/07\/cconcrete-dark2.jpg\" data-object-fit=\"cover\" srcset=\"https:\/\/cr-bb.com\/wp-content\/uploads\/2022\/07\/cconcrete-dark2.jpg 1920w, https:\/\/cr-bb.com\/wp-content\/uploads\/2022\/07\/cconcrete-dark2-300x168.jpg 300w, https:\/\/cr-bb.com\/wp-content\/uploads\/2022\/07\/cconcrete-dark2-1024x574.jpg 1024w, https:\/\/cr-bb.com\/wp-content\/uploads\/2022\/07\/cconcrete-dark2-768x431.jpg 768w, https:\/\/cr-bb.com\/wp-content\/uploads\/2022\/07\/cconcrete-dark2-1536x862.jpg 1536w, https:\/\/cr-bb.com\/wp-content\/uploads\/2022\/07\/cconcrete-dark2-1200x673.jpg 1200w\" sizes=\"auto, (max-width: 1920px) 100vw, 1920px\" \/><div class=\"wp-block-cover__inner-container is-layout-flow wp-block-cover-is-layout-flow\">\n<h1 class=\"has-text-align-center has-large-font-size wp-block-heading\">Expertise<\/h1>\n<\/div><\/div>\n\n\n\n<div style=\"height:100px\" aria-hidden=\"true\" class=\"wp-block-spacer\"><\/div>\n\n\n\n<h3 class=\"wp-block-heading\">Christoph Ruttmann &#8211; Bauberater<\/h3>\n\n\n\n<p>Mein Name ist Christoph Ruttmann und bin freiberuflicher Bautechniker mit Sitz in Leverkusen. Meine Dienstleistungen sind die Beratung, die \u00dcberwachung und oder die Ausbildung z.B. Ihrer neuen Mitarbeiter. Ich begleite Sie von der Planung Ihrer Bauma\u00dfnahme \u00fcber die Durchf\u00fchrung bis hin zur Nachbereitung.<\/p>\n\n\n\n<p>Ich habe 2010 meine Ausbildung zur Fachkraft f\u00fcr Abwassertechnik bei der Stadt D\u00fcsseldorf abgeschlossen. Danach konnte ich mich im Bereich der Hausanschlusssanierung sowohl in offener als auch in geschlossener Bauweise weiterentwickeln und etwaige Zusatz-Qualifikationen erlangen. Nach einem Studium (2016-2018) konnte ich den Titel \u201eStaatlich gepr\u00fcfter Bautechniker\u201c erwerben. 2018-2022 habe ich erst als Projektleiter und sp\u00e4ter als Betriebsleiter einer mittelgro\u00dfen Sanierungsfirma gearbeitet. Mein Augenmerk lag hier schon immer auf der Zufriedenheit der Kunden.<\/p>\n\n\n\n<p>W\u00e4hrend dieser 4 Jahre habe ich durch Zusatz-Ausbildungen meinen Wissensstand kontinuierlich erweitert, unter anderem durch:<\/p>\n\n\n\n<ul class=\"wp-block-list\"><li>den KI-Schein<\/li><li>einen physikalischen Druckpr\u00fcflehrgang<\/li><li>eine RSA-Ausbildung<\/li><li>eine Vielzahl an Produkt- und Anwenderschulungen<\/li><\/ul>\n\n\n\n<p>Mir war es dabei immer wichtig nicht nur theoretisch, sondern auch praktisch etwas umsetzen zu k\u00f6nnen.<\/p>\n\n\n\n<p>Seit Februar 2022 bin ich nun selbst\u00e4ndig in der freiberuflichen Bauberatung von Kanalsanierungsprojekten sowie weiteren Bereichen des Tiefbaus. In dieser Anfangszeit durfte ich bereits mehrere Kunden sowohl aus dem privaten, gewerblichen und auch kommunalen Bereich betreuen und konnte von mir und meinen Dienstleistungen \u00fcberzeugen, wie mir anhand des 100% positiven Feedbacks gespiegelt wurde.<\/p>\n\n\n\n<p>Gerne w\u00fcrde ich mich und meine F\u00e4higkeiten auch in Ihrem Bauvorhaben einsetzen! Sprechen Sie mich dazu gerne an \u2013 ich freue mich auf ein unverbindliches Vorgespr\u00e4ch und hoffentlich gemeinsame Projekte.<\/p>\n\n\n\n<div style=\"height:100px\" aria-hidden=\"true\" class=\"wp-block-spacer\"><\/div>\n\n\n\n<div class=\"wp-block-buttons is-layout-flex wp-block-buttons-is-layout-flex\">\n<div class=\"wp-block-button is-style-fill\"><a class=\"wp-block-button__link has-palette-color-4-color has-palette-color-5-background-color has-text-color has-background\" href=\"https:\/\/cr-bb.com\/index.php\/kontakt\/\"><strong>Kontakt<\/strong><\/a><\/div>\n<\/div>\n\n\n\n<div style=\"height:100px\" aria-hidden=\"true\" class=\"wp-block-spacer\"><\/div>\n","protected":false},"excerpt":{"rendered":"<p>Christoph Ruttmann &#8211; Bauberater Mein Name ist Christoph Ruttmann und bin freiberuflicher Bautechniker mit Sitz in Leverkusen. Meine Dienstleistungen sind die Beratung, die \u00dcberwachung und oder die Ausbildung z.B. Ihrer neuen Mitarbeiter. Ich begleite Sie von der Planung Ihrer Bauma\u00dfnahme \u00fcber die Durchf\u00fchrung bis hin zur Nachbereitung. Ich habe 2010 meine Ausbildung zur Fachkraft f\u00fcr Abwassertechnik bei der Stadt D\u00fcsseldorf abgeschlossen. Danach konnte ich mich im Bereich der Hausanschlusssanierung sowohl in offener als auch in geschlossener Bauweise weiterentwickeln und etwaige Zusatz-Qualifikationen erlangen. Nach einem Studium (2016-2018) konnte ich den Titel \u201eStaatlich gepr\u00fcfter Bautechniker\u201c erwerben. 2018-2022 habe ich erst als Projektleiter\u2026<\/p>\n","protected":false},"author":1,"featured_media":0,"parent":0,"menu_order":0,"comment_status":"closed","ping_status":"closed","template":"","meta":{"footnotes":""},"class_list":["post-2064","page","type-page","status-publish","hentry"],"blocksy_meta":{"styles_descriptor":{"styles":{"desktop":"","tablet":"","mobile":""},"google_fonts":[],"version":5}},"_links":{"self":[{"href":"https:\/\/cr-bb.com\/index.php\/wp-json\/wp\/v2\/pages\/2064","targetHints":{"allow":["GET"]}}],"collection":[{"href":"https:\/\/cr-bb.com\/index.php\/wp-json\/wp\/v2\/pages"}],"about":[{"href":"https:\/\/cr-bb.com\/index.php\/wp-json\/wp\/v2\/types\/page"}],"author":[{"embeddable":true,"href":"https:\/\/cr-bb.com\/index.php\/wp-json\/wp\/v2\/users\/1"}],"replies":[{"embeddable":true,"href":"https:\/\/cr-bb.com\/index.php\/wp-json\/wp\/v2\/comments?post=2064"}],"version-history":[{"count":14,"href":"https:\/\/cr-bb.com\/index.php\/wp-json\/wp\/v2\/pages\/2064\/revisions"}],"predecessor-version":[{"id":2197,"href":"https:\/\/cr-bb.com\/index.php\/wp-json\/wp\/v2\/pages\/2064\/revisions\/2197"}],"wp:attachment":[{"href":"https:\/\/cr-bb.com\/index.php\/wp-json\/wp\/v2\/media?parent=2064"}],"curies":[{"name":"wp","href":"https:\/\/api.w.org\/{rel}","templated":true}]}}